{"id":170,"date":"2023-10-18T15:05:10","date_gmt":"2023-10-18T13:05:10","guid":{"rendered":"https:\/\/ifip2024dss.umh.es\/?page_id=170"},"modified":"2024-06-11T10:43:47","modified_gmt":"2024-06-11T08:43:47","slug":"committee-members","status":"publish","type":"page","link":"https:\/\/ifip2024dss.umh.es\/en\/committee-members\/","title":{"rendered":"Committee members"},"content":{"rendered":"<p>[et_pb_section fb_built=&#8221;1&#8243; _builder_version=&#8221;4.17.4&#8243; _module_preset=&#8221;default&#8221; background_image=&#8221;https:\/\/ifip2024dss.umh.es\/files\/2024\/05\/Valona.jpeg&#8221; height=&#8221;500px&#8221; global_colors_info=&#8221;{}&#8221;][\/et_pb_section][et_pb_section fb_built=&#8221;1&#8243; _builder_version=&#8221;4.17.4&#8243; _module_preset=&#8221;default&#8221; global_colors_info=&#8221;{}&#8221;][et_pb_row column_structure=&#8221;1_3,2_3&#8243; _builder_version=&#8221;4.17.4&#8243; _module_preset=&#8221;default&#8221; global_colors_info=&#8221;{}&#8221;][et_pb_column type=&#8221;1_3&#8243; _builder_version=&#8221;4.17.4&#8243; _module_preset=&#8221;default&#8221; global_colors_info=&#8221;{}&#8221;][et_pb_button button_url=&#8221;https:\/\/ifip2024dss.umh.es\/&#8221; button_text=&#8221;2024 Open Conference&#8221; button_alignment=&#8221;center&#8221; admin_label=&#8221;home&#8221; _builder_version=&#8221;4.17.4&#8243; _module_preset=&#8221;default&#8221; custom_button=&#8221;on&#8221; button_text_color=&#8221;#FFFFFF&#8221; button_bg_color=&#8221;#bc2a30&#8243; custom_css_main_element=&#8221;width:100%;||height:100%;&#8221; global_colors_info=&#8221;{}&#8221;][\/et_pb_button][et_pb_button button_url=&#8221;https:\/\/ifip2024dss.umh.es\/cfp\/&#8221; button_text=&#8221;Call for Papers&#8221; button_alignment=&#8221;center&#8221; admin_label=&#8221;cfp&#8221; _builder_version=&#8221;4.17.4&#8243; _module_preset=&#8221;default&#8221; custom_button=&#8221;on&#8221; button_text_color=&#8221;#FFFFFF&#8221; button_bg_color=&#8221;#bc2a30&#8243; custom_margin=&#8221;-20px||||false|false&#8221; custom_css_main_element=&#8221;width:100%;||height:100%;&#8221; global_colors_info=&#8221;{}&#8221;][\/et_pb_button][et_pb_button button_url=&#8221;https:\/\/ifip2024dss.umh.es\/conference-program&#8221; button_text=&#8221;Conference Program&#8221; button_alignment=&#8221;center&#8221; admin_label=&#8221;program&#8221; _builder_version=&#8221;4.17.4&#8243; _module_preset=&#8221;default&#8221; custom_button=&#8221;on&#8221; button_text_color=&#8221;#FFFFFF&#8221; button_bg_color=&#8221;#bc2a30&#8243; custom_margin=&#8221;-20px||||false|false&#8221; custom_css_main_element=&#8221;width:100%;||height:100%;&#8221; global_colors_info=&#8221;{}&#8221;][\/et_pb_button][et_pb_button button_url=&#8221;https:\/\/ifip2024dss.umh.es\/social-program&#8221; button_text=&#8221;Social Progam&#8221; button_alignment=&#8221;center&#8221; _builder_version=&#8221;4.17.4&#8243; _module_preset=&#8221;default&#8221; custom_button=&#8221;on&#8221; button_text_color=&#8221;#FFFFFF&#8221; button_bg_color=&#8221;#bc2a30&#8243; custom_margin=&#8221;-20px||||false|false&#8221; custom_css_main_element=&#8221;width:100%;||height:100%;&#8221; global_colors_info=&#8221;{}&#8221;][\/et_pb_button][et_pb_button button_url=&#8221;https:\/\/ifip2024dss.umh.es\/committee-members&#8221; button_text=&#8221; Committee members&#8221; button_alignment=&#8221;center&#8221; admin_label=&#8221;committee&#8221; _builder_version=&#8221;4.17.4&#8243; _module_preset=&#8221;default&#8221; custom_button=&#8221;on&#8221; button_text_color=&#8221;#FFFFFF&#8221; button_bg_color=&#8221;#bc2a30&#8243; custom_margin=&#8221;-20px||||false|false&#8221; custom_css_main_element=&#8221;width:100%;||height:100%;&#8221; global_colors_info=&#8221;{}&#8221;][\/et_pb_button][et_pb_button button_url=&#8221;https:\/\/ifip2024dss.umh.es\/keynote-speakers&#8221; button_text=&#8221;Keynote speakers&#8221; button_alignment=&#8221;center&#8221; admin_label=&#8221;keynote&#8221; _builder_version=&#8221;4.17.4&#8243; _module_preset=&#8221;default&#8221; custom_button=&#8221;on&#8221; button_text_color=&#8221;#FFFFFF&#8221; button_bg_color=&#8221;#bc2a30&#8243; custom_margin=&#8221;-20px||||false|false&#8221; custom_css_main_element=&#8221;width:100%;||height:100%;&#8221; global_colors_info=&#8221;{}&#8221;][\/et_pb_button][et_pb_button button_url=&#8221;https:\/\/ifip2024dss.umh.es\/sponsors&#8221; button_text=&#8221;Sponsors&#8221; button_alignment=&#8221;center&#8221; admin_label=&#8221;Sponsor&#8221; _builder_version=&#8221;4.17.4&#8243; _module_preset=&#8221;default&#8221; custom_button=&#8221;on&#8221; button_text_color=&#8221;#FFFFFF&#8221; button_bg_color=&#8221;#bc2a30&#8243; custom_margin=&#8221;-20px||||false|false&#8221; custom_css_main_element=&#8221;width:100%;||height:100%;&#8221; global_colors_info=&#8221;{}&#8221;][\/et_pb_button][et_pb_button button_url=&#8221;https:\/\/ifip2024dss.umh.es\/attending-registration\/&#8221; button_text=&#8221;Attending &amp; Registration&#8221; button_alignment=&#8221;center&#8221; admin_label=&#8221;attending&#8221; _builder_version=&#8221;4.17.4&#8243; _module_preset=&#8221;default&#8221; custom_button=&#8221;on&#8221; button_text_color=&#8221;#FFFFFF&#8221; button_bg_color=&#8221;#bc2a30&#8243; custom_margin=&#8221;-20px||||false|false&#8221; custom_css_main_element=&#8221;width:100%;||height:100%;&#8221; global_colors_info=&#8221;{}&#8221;][\/et_pb_button][et_pb_button button_url=&#8221;https:\/\/ifip2024dss.umh.es\/industrial-session&#8221; button_text=&#8221;AI and Decision Making: Insights from Industry&#8221; button_alignment=&#8221;center&#8221; _builder_version=&#8221;4.17.4&#8243; _module_preset=&#8221;default&#8221; custom_button=&#8221;on&#8221; button_text_color=&#8221;#FFFFFF&#8221; button_bg_color=&#8221;#bc2a30&#8243; custom_margin=&#8221;-20px||||false|false&#8221; custom_css_main_element=&#8221;width:100%;||height:100%;&#8221; global_colors_info=&#8221;{}&#8221;][\/et_pb_button][\/et_pb_column][et_pb_column type=&#8221;2_3&#8243; _builder_version=&#8221;4.17.4&#8243; _module_preset=&#8221;default&#8221; global_colors_info=&#8221;{}&#8221;][et_pb_text _builder_version=&#8221;4.17.4&#8243; _module_preset=&#8221;default&#8221; header_font=&#8221;|600|||||||&#8221; header_text_color=&#8221;#000000&#8243; global_colors_info=&#8221;{}&#8221;]<\/p>\n<h1 class=\"page-title\" style=\"text-align: left\"><strong>Committee members<\/strong><\/h1>\n<p>[\/et_pb_text][et_pb_text admin_label=&#8221;Text&#8221; _builder_version=&#8221;4.17.4&#8243; _module_preset=&#8221;default&#8221; text_font=&#8221;||||||||&#8221; text_text_color=&#8221;#000000&#8243; text_font_size=&#8221;16px&#8221; custom_margin=&#8221;||-2px|||&#8221; global_colors_info=&#8221;{}&#8221;]<\/p>\n<p><b>Conference co-chairs<\/b><b><br \/><\/b>Nuria Moll\u00e1, Miguel Hernandez University, Spain<br \/>Gloria Philips-Wren, Loyola University Maryland, USA<br \/>Biljana Mileva Boshkoska, Jo\u017eef Stefan Institute, Slovenia<\/p>\n<p>&nbsp;<\/p>\n<p>[\/et_pb_text][et_pb_text admin_label=&#8221;Texto&#8221; _builder_version=&#8221;4.17.4&#8243; _module_preset=&#8221;default&#8221; text_font=&#8221;||||||||&#8221; text_text_color=&#8221;#000000&#8243; text_font_size=&#8221;16px&#8221; header_2_text_color=&#8221;#bc2a30&#8243; custom_margin=&#8221;||5px|||&#8221; global_colors_info=&#8221;{}&#8221;]<\/p>\n<p><b>Strategic Planning Committee<\/b><b><br \/><\/b>Ciara Heavin, University College Cork, Ireland<br \/>Ana Respicio, Universidade de Lisboa, Portugal<br \/>Nuria Moll\u00e1, Miguel Hernandez University, Spain<br \/>Gloria Philips-Wren, Loyola University Maryland, USA<br \/>Alejandro Rabasa, Miguel Hernandez University, Spain<br \/>Biljana Mileva Boshkoska, Jo\u017eef Stefan Institute, Slovenia<br \/>Agust\u00edn P\u00e9rez-Mart\u00edn, Miguel Hernandez University, Spain<br \/><span class=\"gI\"><span data-hovercard-id=\"hbonet@umh.es\" data-hovercard-owner-id=\"116\">Helena Bonet Jaen, Miguel Hernandez University, Spain<\/span><\/span><br \/>Kristina Polotskaya, Miguel Hernandez University, Spain<br \/>Richard Sz\u00e1nt\u00f3, Corvinus University of Budapest, Hungary<\/p>\n<p><b>Local Organizing Committee<\/b><b><br \/><\/b>Alejandro Rabasa, Miguel Hernandez University, Spain<br \/>Nuria Moll\u00e1, Miguel Hernandez University, Spain<br \/>Agust\u00edn P\u00e9rez-Mart\u00edn, Miguel Hernandez University, Spain<br \/>Kristina Polotskaya, Miguel Hernandez University, Spain<br \/><span class=\"gI\"><span data-hovercard-id=\"hbonet@umh.es\" data-hovercard-owner-id=\"116\">Helena Bonet Jaen, Miguel Hernandez University, Spain<br \/>Manuel Quesada, Miguel Hernandez University, Spain<br \/><\/span><\/span><\/p>\n<p><strong>Programme Committee<\/strong><br \/>Agust\u00edn P\u00e9rez-Mart\u00edn, Miguel Hernandez University, Spain<br \/>Alejandro Rabasa, Miguel Hernandez University, Spain<br \/>Ana Respicio, LASIGE, Universidade de Lisboa, Portugal<br \/>Andr\u00e9s Caro, University of Extremadura, Spain<br \/>Antonio Falc\u00f3, CEU San Pablo, Spain<br \/>Biljana Mileva Boshkoska, Jo\u017eef Stefan Institute, Slovenia<br \/>Carlos Villagr\u00e1, University of Alicante, Spain<br \/>Chrispin Pettang, Ecole Polytechnique de Yaound\u00e9, Cameroon<br \/>Ciara Heavin, University College Cork, Ireland<br \/>Csaba Csaki, Corvinus University of Budapest, Hungary<br \/>Daniel Edmund O\u2019Leary, University of Southern California, Marshall School of Business, USA<br \/>Fara\u00f3n Llorens, University of Alicante, Spain<br \/>Frada Burstein, Monash University, Australia<br \/>Gloria Philips-Wren, Loyola University Maryland, USA<br \/><span class=\"gI\"><span data-hovercard-id=\"hbonet@umh.es\" data-hovercard-owner-id=\"116\">Helena Bonet Jaen, Miguel Hernandez University, Spain\u00a0<\/span><\/span><br \/><span>Kristina Polotskaya, Miguel Hernandez University, Spain\u00a0 \u00a0 \u00a0 \u00a0 \u00a0 \u00a0 \u00a0 \u00a0 \u00a0 \u00a0 \u00a0 \u00a0 \u00a0 \u00a0 \u00a0 \u00a0 \u00a0 \u00a0 \u00a0 \u00a0 \u00a0 \u00a0 \u00a0 \u00a0 \u00a0 \u00a0 \u00a0 \u00a0 \u00a0 \u00a0 <\/span>Joaqu\u00edn S\u00e1nchez-Soriano, Miguel Hernandez University, Spain\u00a0\u00a0<br \/>Lu\u00eds Dias, University of Coimbra, Portugal<br \/><span data-sheets-root=\"1\" data-sheets-value=\"{&quot;1&quot;:2,&quot;2&quot;:&quot;Manuel Quesadda&quot;}\" data-sheets-userformat=\"{&quot;2&quot;:513,&quot;3&quot;:{&quot;1&quot;:0},&quot;12&quot;:0}\">Manuel Quesada, Miguel Hernandez University, Spain<\/span><br \/>Marko Bohanec, Jo\u017eef Stefan Institute, Slovenia<br \/><span style=\"font-weight: 400\">Miriam Esteve, CEU Cardenal Herrera, Spain<\/span><br \/>Nuria Moll\u00e1, Miguel Hernandez University, Spain<br \/>Pascale Zarat\u00e9, Universit\u00e9 Toulouse 1 Capitole<br \/>Patrick Br\u00e9zillon, University Pierre and Marie Curie, France<br \/>Patrick Humphreys, LSE, UK<br \/>Rafael Molina, University of Alicante, Spain<br \/>Ricardo Rodriguez Ulloa, Instituto Andino de Sistemas, Peru<br \/>Shaofeng Liu, University of Plymouth, UK<br \/>Stanis\u0142aw Stanek General Tadeusz Kosciuszko Military University of Land Forces, Poland<br \/>Vicent Traver, Polytechnic University of Valencia, Spain<\/p>\n<p>&nbsp;<\/p>\n<p>[\/et_pb_text][et_pb_image src=&#8221;https:\/\/ifip2024dss.umh.es\/files\/2023\/04\/logo-umh-ifip.png&#8221; title_text=&#8221;logo-umh-ifip&#8221; align=&#8221;center&#8221; admin_label=&#8221;Image&#8221; _builder_version=&#8221;4.17.4&#8243; _module_preset=&#8221;default&#8221; global_colors_info=&#8221;{}&#8221;][\/et_pb_image][et_pb_image src=&#8221;https:\/\/ifip2024dss.umh.es\/files\/2024\/05\/MapaCampusElche-2-1024&#215;723.png&#8221; title_text=&#8221;MapaCampusElche&#8221; url=&#8221;https:\/\/ifip2024dss.umh.es\/files\/2023\/04\/MapaCampusElche.png&#8221; url_new_window=&#8221;on&#8221; _builder_version=&#8221;4.17.4&#8243; _module_preset=&#8221;default&#8221; custom_margin=&#8221;||1px|||&#8221; global_colors_info=&#8221;{}&#8221;][\/et_pb_image][et_pb_text _builder_version=&#8221;4.17.4&#8243; _module_preset=&#8221;default&#8221; global_colors_info=&#8221;{}&#8221;]<\/p>\n<p>Click <a href=\"https:\/\/maps.app.goo.gl\/hZok5TQCidgCbY7Q7\" target=\"_blank\" rel=\"noopener\">here<\/a> to view the address on Google Maps<\/p>\n<p>[\/et_pb_text][\/et_pb_column][\/et_pb_row][\/et_pb_section]<\/p>\n","protected":false},"excerpt":{"rendered":"<p>Committee membersConference co-chairsNuria Moll\u00e1, Miguel Hernandez University, SpainGloria Philips-Wren, Loyola University Maryland, USABiljana Mileva Boshkoska, Jo\u017eef Stefan Institute, Slovenia &nbsp;Strategic Planning CommitteeCiara Heavin, University College Cork, IrelandAna Respicio, Universidade de Lisboa, PortugalNuria Moll\u00e1, Miguel Hernandez University, SpainGloria Philips-Wren, Loyola University Maryland, USAAlejandro Rabasa, Miguel Hernandez University, SpainBiljana Mileva Boshkoska, Jo\u017eef Stefan Institute, SloveniaAgust\u00edn P\u00e9rez-Mart\u00edn, Miguel [&hellip;]<\/p>\n","protected":false},"author":3637,"featured_media":0,"parent":0,"menu_order":0,"comment_status":"closed","ping_status":"closed","template":"","meta":{"_et_pb_use_builder":"on","_et_pb_old_content":"","_et_gb_content_width":"","_links_to":"","_links_to_target":""},"_links":{"self":[{"href":"https:\/\/ifip2024dss.umh.es\/en\/wp-json\/wp\/v2\/pages\/170"}],"collection":[{"href":"https:\/\/ifip2024dss.umh.es\/en\/wp-json\/wp\/v2\/pages"}],"about":[{"href":"https:\/\/ifip2024dss.umh.es\/en\/wp-json\/wp\/v2\/types\/page"}],"author":[{"embeddable":true,"href":"https:\/\/ifip2024dss.umh.es\/en\/wp-json\/wp\/v2\/users\/3637"}],"replies":[{"embeddable":true,"href":"https:\/\/ifip2024dss.umh.es\/en\/wp-json\/wp\/v2\/comments?post=170"}],"version-history":[{"count":0,"href":"https:\/\/ifip2024dss.umh.es\/en\/wp-json\/wp\/v2\/pages\/170\/revisions"}],"wp:attachment":[{"href":"https:\/\/ifip2024dss.umh.es\/en\/wp-json\/wp\/v2\/media?parent=170"}],"curies":[{"name":"wp","href":"https:\/\/api.w.org\/{rel}","templated":true}]}}